{"id":2881,"date":"2022-12-27T22:30:44","date_gmt":"2022-12-27T21:30:44","guid":{"rendered":"https:\/\/symevents.co.uk\/a-propos-de-nous\/"},"modified":"2024-05-21T16:34:42","modified_gmt":"2024-05-21T14:34:42","slug":"a-propos-de-nous","status":"publish","type":"page","link":"https:\/\/symevents.co.uk\/fr\/a-propos-de-nous\/","title":{"rendered":"A propos de nous"},"content":{"rendered":"<h4>\u00c0 propos de nous<\/h4>\n<p>Nous sommes une soci\u00e9t\u00e9 de planification d&rsquo;\u00e9v\u00e9nements d&rsquo;entreprise dont la vocation est d&rsquo;aider les entreprises et les organisations \u00e0 planifier et \u00e0 r\u00e9aliser des \u00e9v\u00e9nements r\u00e9ussis. Des petites r\u00e9unions aux grandes conf\u00e9rences, nous avons l&rsquo;exp\u00e9rience et l&rsquo;expertise n\u00e9cessaires pour r\u00e9pondre \u00e0 tous vos besoins en mati\u00e8re d&rsquo;organisation d&rsquo;\u00e9v\u00e9nements.<\/p>\n<p>Notre \u00e9quipe est compos\u00e9e d&rsquo;organisateurs d&rsquo;\u00e9v\u00e9nements professionnels qui ont la passion commune de cr\u00e9er des \u00e9v\u00e9nements m\u00e9morables et r\u00e9ussis. Nous avons une solide exp\u00e9rience dans l&rsquo;obtention de r\u00e9sultats exceptionnels pour nos clients, et nous sommes fieres de l&rsquo;attention que nous portons aux d\u00e9tails et de notre engagement \u00e0 satisfaire nos clients.<\/p>\n<p>Nous pensons que chaque \u00e9v\u00e9nement doit \u00eatre une exp\u00e9rience unique et m\u00e9morable, et nous travaillons en \u00e9troite collaboration avec nos clients pour comprendre leurs besoins et cr\u00e9er des \u00e9v\u00e9nements personnalis\u00e9s qui d\u00e9passent leurs attentes.<\/p>\n<p>\t\t\t\t\t\t\t\t\t\t\t\t\t\t\t<img fetchpriority=\"high\" decoding=\"async\" width=\"3686\" height=\"3686\" src=\"https:\/\/symevents.co.uk\/wp-content\/uploads\/2023\/03\/MK3B5364.png-FOR-WEB.png\" alt=\"\" srcset=\"https:\/\/symevents.co.uk\/wp-content\/uploads\/2023\/03\/MK3B5364.png-FOR-WEB.png 3686w, https:\/\/symevents.co.uk\/wp-content\/uploads\/2023\/03\/MK3B5364.png-FOR-WEB-300x300.png 300w, https:\/\/symevents.co.uk\/wp-content\/uploads\/2023\/03\/MK3B5364.png-FOR-WEB-1024x1024.png 1024w, https:\/\/symevents.co.uk\/wp-content\/uploads\/2023\/03\/MK3B5364.png-FOR-WEB-150x150.png 150w, https:\/\/symevents.co.uk\/wp-content\/uploads\/2023\/03\/MK3B5364.png-FOR-WEB-768x768.png 768w, https:\/\/symevents.co.uk\/wp-content\/uploads\/2023\/03\/MK3B5364.png-FOR-WEB-1536x1536.png 1536w, https:\/\/symevents.co.uk\/wp-content\/uploads\/2023\/03\/MK3B5364.png-FOR-WEB-2048x2048.png 2048w, https:\/\/symevents.co.uk\/wp-content\/uploads\/2023\/03\/MK3B5364.png-FOR-WEB-650x650.png 650w, https:\/\/symevents.co.uk\/wp-content\/uploads\/2023\/03\/MK3B5364.png-FOR-WEB-1300x1300.png 1300w\" sizes=\"(max-width: 3686px) 100vw, 3686px\" \/>\t\t\t\t\t\t\t\t\t\t\t\t\t\t\t<\/p>\n<h4>Nos r\u00e9alisations<\/h4>\n<h4>et notre production \u00e0 l&rsquo;international<\/h4>\n<p>\t\t\t\t\t\t\t\t\t\t\t\t\t\tPrevious<br \/>\n\t\t\t\t\t\t\t\t\t\t\t\t\t\tNext<\/p>\n<figure><img decoding=\"async\" width=\"1000\" height=\"1000\" src=\"https:\/\/symevents.co.uk\/wp-content\/uploads\/2024\/05\/Design-sans-titre-1.png\" alt=\"\" \/><\/figure>\n<h3>Celia I.<\/h3>\n<p>Chef de projet \u00e9v\u00e9nementiel<\/p>\n<p>Celia est une professionnelle tr\u00e8s exp\u00e9riment\u00e9e dans la gestion d&rsquo;\u00e9v\u00e9nements et de projets, avec plus de 5 ans d&rsquo;exp\u00e9rience dans le secteur. Elle valorise \u00a0l&rsquo;honn\u00eatet\u00e9, l&rsquo;int\u00e9grit\u00e9 et le professionnalisme dans son travail et s&rsquo;efforce de cr\u00e9er des exp\u00e9riences significatives et m\u00e9morables pour ses clients. C&rsquo;est une personne sympathique et extravertie, dot\u00e9e d&rsquo;une attitude positive et d&rsquo;excellentes comp\u00e9tences en mati\u00e8re de r\u00e9solution de probl\u00e8mes et de prise de d\u00e9cision. Pendant son temps libre, Celia aime rester active, faire de l&rsquo;exercice, cuisiner, voyager et passer du temps avec ses amis et sa famille.<\/p>\n<p>\t\t\t\t\t<a href=\"https:\/\/www.linkedin.com\/in\/celia-ilardi-21a85397\/\" target=\"_blank\" rel=\"noopener\"><br \/>\n\t\t\t\t\t\tLinkedin<br \/>\n\t\t\t\t\t\t\t\t\t\t\t<\/a><br \/>\n\t\t\t\t\t<a href=\"mailto:celia@symevents.co.uk\" target=\"_blank\" rel=\"noopener\"><br \/>\n\t\t\t\t\t\tEnvelope<br \/>\n\t\t\t\t\t\t\t\t\t\t\t<\/a><\/p>\n","protected":false},"excerpt":{"rendered":"<p>\u00c0 propos de nous Nous sommes une soci\u00e9t\u00e9 de planification d&rsquo;\u00e9v\u00e9nements d&rsquo;entreprise dont la vocation est d&rsquo;aider les entreprises et les organisations \u00e0 planifier et \u00e0 r\u00e9aliser des \u00e9v\u00e9nements r\u00e9ussis. Des petites r\u00e9unions aux grandes conf\u00e9rences, nous avons l&rsquo;exp\u00e9rience et l&rsquo;expertise n\u00e9cessaires pour r\u00e9pondre \u00e0 tous vos besoins en mati\u00e8re d&rsquo;organisation d&rsquo;\u00e9v\u00e9nements. Notre \u00e9quipe est [&hellip;]<\/p>\n","protected":false},"author":2,"featured_media":0,"parent":0,"menu_order":0,"comment_status":"closed","ping_status":"closed","template":"elementor_header_footer","meta":{"footnotes":""},"class_list":["post-2881","page","type-page","status-publish","hentry"],"blocksy_meta":{"styles_descriptor":{"styles":{"desktop":"","tablet":"","mobile":""},"google_fonts":[],"version":6}},"yoast_head":"<!-- This site is optimized with the Yoast SEO plugin v27.4 - https:\/\/yoast.com\/product\/yoast-seo-wordpress\/ -->\n<title>A propos de nous - Sym events<\/title>\n<meta name=\"robots\" content=\"index, follow, max-snippet:-1, max-image-preview:large, max-video-preview:-1\" \/>\n<link rel=\"canonical\" href=\"https:\/\/symevents.co.uk\/about-us\/\" \/>\n<meta property=\"og:locale\" content=\"fr_FR\" \/>\n<meta property=\"og:type\" content=\"article\" \/>\n<meta property=\"og:title\" content=\"A propos de nous - Sym events\" \/>\n<meta property=\"og:description\" content=\"\u00c0 propos de nous Nous sommes une soci\u00e9t\u00e9 de planification d&rsquo;\u00e9v\u00e9nements d&rsquo;entreprise dont la vocation est d&rsquo;aider les entreprises et les organisations \u00e0 planifier et \u00e0 r\u00e9aliser des \u00e9v\u00e9nements r\u00e9ussis. Des petites r\u00e9unions aux grandes conf\u00e9rences, nous avons l&rsquo;exp\u00e9rience et l&rsquo;expertise n\u00e9cessaires pour r\u00e9pondre \u00e0 tous vos besoins en mati\u00e8re d&rsquo;organisation d&rsquo;\u00e9v\u00e9nements. Notre \u00e9quipe est [&hellip;]\" \/>\n<meta property=\"og:url\" content=\"https:\/\/symevents.co.uk\/about-us\/\" \/>\n<meta property=\"og:site_name\" content=\"Sym events\" \/>\n<meta property=\"article:modified_time\" content=\"2024-05-21T14:34:42+00:00\" \/>\n<meta property=\"og:image\" content=\"https:\/\/symevents.co.uk\/wp-content\/uploads\/2023\/03\/MK3B5364.png-FOR-WEB.png\" \/>\n<meta name=\"twitter:card\" content=\"summary_large_image\" \/>\n<meta name=\"twitter:label1\" content=\"Dur\u00e9e de lecture estim\u00e9e\" \/>\n\t<meta name=\"twitter:data1\" content=\"2 minutes\" \/>\n<script type=\"application\/ld+json\" class=\"yoast-schema-graph\">{\"@context\":\"https:\\\/\\\/schema.org\",\"@graph\":[{\"@type\":\"WebPage\",\"@id\":\"https:\\\/\\\/symevents.co.uk\\\/about-us\\\/\",\"url\":\"https:\\\/\\\/symevents.co.uk\\\/about-us\\\/\",\"name\":\"A propos de nous - Sym events\",\"isPartOf\":{\"@id\":\"https:\\\/\\\/symevents.co.uk\\\/#website\"},\"primaryImageOfPage\":{\"@id\":\"https:\\\/\\\/symevents.co.uk\\\/about-us\\\/#primaryimage\"},\"image\":{\"@id\":\"https:\\\/\\\/symevents.co.uk\\\/about-us\\\/#primaryimage\"},\"thumbnailUrl\":\"https:\\\/\\\/symevents.co.uk\\\/wp-content\\\/uploads\\\/2023\\\/03\\\/MK3B5364.png-FOR-WEB.png\",\"datePublished\":\"2022-12-27T21:30:44+00:00\",\"dateModified\":\"2024-05-21T14:34:42+00:00\",\"breadcrumb\":{\"@id\":\"https:\\\/\\\/symevents.co.uk\\\/about-us\\\/#breadcrumb\"},\"inLanguage\":\"fr-FR\",\"potentialAction\":[{\"@type\":\"ReadAction\",\"target\":[\"https:\\\/\\\/symevents.co.uk\\\/about-us\\\/\"]}]},{\"@type\":\"ImageObject\",\"inLanguage\":\"fr-FR\",\"@id\":\"https:\\\/\\\/symevents.co.uk\\\/about-us\\\/#primaryimage\",\"url\":\"https:\\\/\\\/symevents.co.uk\\\/wp-content\\\/uploads\\\/2023\\\/03\\\/MK3B5364.png-FOR-WEB.png\",\"contentUrl\":\"https:\\\/\\\/symevents.co.uk\\\/wp-content\\\/uploads\\\/2023\\\/03\\\/MK3B5364.png-FOR-WEB.png\"},{\"@type\":\"BreadcrumbList\",\"@id\":\"https:\\\/\\\/symevents.co.uk\\\/about-us\\\/#breadcrumb\",\"itemListElement\":[{\"@type\":\"ListItem\",\"position\":1,\"name\":\"Home\",\"item\":\"https:\\\/\\\/symevents.co.uk\\\/\"},{\"@type\":\"ListItem\",\"position\":2,\"name\":\"A propos de nous\"}]},{\"@type\":\"WebSite\",\"@id\":\"https:\\\/\\\/symevents.co.uk\\\/#website\",\"url\":\"https:\\\/\\\/symevents.co.uk\\\/\",\"name\":\"Sym events\",\"description\":\"Shape your memories\",\"publisher\":{\"@id\":\"https:\\\/\\\/symevents.co.uk\\\/#organization\"},\"potentialAction\":[{\"@type\":\"SearchAction\",\"target\":{\"@type\":\"EntryPoint\",\"urlTemplate\":\"https:\\\/\\\/symevents.co.uk\\\/?s={search_term_string}\"},\"query-input\":{\"@type\":\"PropertyValueSpecification\",\"valueRequired\":true,\"valueName\":\"search_term_string\"}}],\"inLanguage\":\"fr-FR\"},{\"@type\":\"Organization\",\"@id\":\"https:\\\/\\\/symevents.co.uk\\\/#organization\",\"name\":\"Sym events\",\"url\":\"https:\\\/\\\/symevents.co.uk\\\/\",\"logo\":{\"@type\":\"ImageObject\",\"inLanguage\":\"fr-FR\",\"@id\":\"https:\\\/\\\/symevents.co.uk\\\/#\\\/schema\\\/logo\\\/image\\\/\",\"url\":\"https:\\\/\\\/symevents.co.uk\\\/wp-content\\\/uploads\\\/2022\\\/11\\\/Logo-sym-events-version-couleurblanc.png\",\"contentUrl\":\"https:\\\/\\\/symevents.co.uk\\\/wp-content\\\/uploads\\\/2022\\\/11\\\/Logo-sym-events-version-couleurblanc.png\",\"width\":1036,\"height\":596,\"caption\":\"Sym events\"},\"image\":{\"@id\":\"https:\\\/\\\/symevents.co.uk\\\/#\\\/schema\\\/logo\\\/image\\\/\"}}]}<\/script>\n<!-- \/ Yoast SEO plugin. -->","yoast_head_json":{"title":"A propos de nous - Sym events","robots":{"index":"index","follow":"follow","max-snippet":"max-snippet:-1","max-image-preview":"max-image-preview:large","max-video-preview":"max-video-preview:-1"},"canonical":"https:\/\/symevents.co.uk\/about-us\/","og_locale":"fr_FR","og_type":"article","og_title":"A propos de nous - Sym events","og_description":"\u00c0 propos de nous Nous sommes une soci\u00e9t\u00e9 de planification d&rsquo;\u00e9v\u00e9nements d&rsquo;entreprise dont la vocation est d&rsquo;aider les entreprises et les organisations \u00e0 planifier et \u00e0 r\u00e9aliser des \u00e9v\u00e9nements r\u00e9ussis. Des petites r\u00e9unions aux grandes conf\u00e9rences, nous avons l&rsquo;exp\u00e9rience et l&rsquo;expertise n\u00e9cessaires pour r\u00e9pondre \u00e0 tous vos besoins en mati\u00e8re d&rsquo;organisation d&rsquo;\u00e9v\u00e9nements. Notre \u00e9quipe est [&hellip;]","og_url":"https:\/\/symevents.co.uk\/about-us\/","og_site_name":"Sym events","article_modified_time":"2024-05-21T14:34:42+00:00","og_image":[{"url":"https:\/\/symevents.co.uk\/wp-content\/uploads\/2023\/03\/MK3B5364.png-FOR-WEB.png","type":"","width":"","height":""}],"twitter_card":"summary_large_image","twitter_misc":{"Dur\u00e9e de lecture estim\u00e9e":"2 minutes"},"schema":{"@context":"https:\/\/schema.org","@graph":[{"@type":"WebPage","@id":"https:\/\/symevents.co.uk\/about-us\/","url":"https:\/\/symevents.co.uk\/about-us\/","name":"A propos de nous - Sym events","isPartOf":{"@id":"https:\/\/symevents.co.uk\/#website"},"primaryImageOfPage":{"@id":"https:\/\/symevents.co.uk\/about-us\/#primaryimage"},"image":{"@id":"https:\/\/symevents.co.uk\/about-us\/#primaryimage"},"thumbnailUrl":"https:\/\/symevents.co.uk\/wp-content\/uploads\/2023\/03\/MK3B5364.png-FOR-WEB.png","datePublished":"2022-12-27T21:30:44+00:00","dateModified":"2024-05-21T14:34:42+00:00","breadcrumb":{"@id":"https:\/\/symevents.co.uk\/about-us\/#breadcrumb"},"inLanguage":"fr-FR","potentialAction":[{"@type":"ReadAction","target":["https:\/\/symevents.co.uk\/about-us\/"]}]},{"@type":"ImageObject","inLanguage":"fr-FR","@id":"https:\/\/symevents.co.uk\/about-us\/#primaryimage","url":"https:\/\/symevents.co.uk\/wp-content\/uploads\/2023\/03\/MK3B5364.png-FOR-WEB.png","contentUrl":"https:\/\/symevents.co.uk\/wp-content\/uploads\/2023\/03\/MK3B5364.png-FOR-WEB.png"},{"@type":"BreadcrumbList","@id":"https:\/\/symevents.co.uk\/about-us\/#breadcrumb","itemListElement":[{"@type":"ListItem","position":1,"name":"Home","item":"https:\/\/symevents.co.uk\/"},{"@type":"ListItem","position":2,"name":"A propos de nous"}]},{"@type":"WebSite","@id":"https:\/\/symevents.co.uk\/#website","url":"https:\/\/symevents.co.uk\/","name":"Sym events","description":"Shape your memories","publisher":{"@id":"https:\/\/symevents.co.uk\/#organization"},"potentialAction":[{"@type":"SearchAction","target":{"@type":"EntryPoint","urlTemplate":"https:\/\/symevents.co.uk\/?s={search_term_string}"},"query-input":{"@type":"PropertyValueSpecification","valueRequired":true,"valueName":"search_term_string"}}],"inLanguage":"fr-FR"},{"@type":"Organization","@id":"https:\/\/symevents.co.uk\/#organization","name":"Sym events","url":"https:\/\/symevents.co.uk\/","logo":{"@type":"ImageObject","inLanguage":"fr-FR","@id":"https:\/\/symevents.co.uk\/#\/schema\/logo\/image\/","url":"https:\/\/symevents.co.uk\/wp-content\/uploads\/2022\/11\/Logo-sym-events-version-couleurblanc.png","contentUrl":"https:\/\/symevents.co.uk\/wp-content\/uploads\/2022\/11\/Logo-sym-events-version-couleurblanc.png","width":1036,"height":596,"caption":"Sym events"},"image":{"@id":"https:\/\/symevents.co.uk\/#\/schema\/logo\/image\/"}}]}},"_links":{"self":[{"href":"https:\/\/symevents.co.uk\/fr\/wp-json\/wp\/v2\/pages\/2881","targetHints":{"allow":["GET"]}}],"collection":[{"href":"https:\/\/symevents.co.uk\/fr\/wp-json\/wp\/v2\/pages"}],"about":[{"href":"https:\/\/symevents.co.uk\/fr\/wp-json\/wp\/v2\/types\/page"}],"author":[{"embeddable":true,"href":"https:\/\/symevents.co.uk\/fr\/wp-json\/wp\/v2\/users\/2"}],"replies":[{"embeddable":true,"href":"https:\/\/symevents.co.uk\/fr\/wp-json\/wp\/v2\/comments?post=2881"}],"version-history":[{"count":120,"href":"https:\/\/symevents.co.uk\/fr\/wp-json\/wp\/v2\/pages\/2881\/revisions"}],"predecessor-version":[{"id":7600,"href":"https:\/\/symevents.co.uk\/fr\/wp-json\/wp\/v2\/pages\/2881\/revisions\/7600"}],"wp:attachment":[{"href":"https:\/\/symevents.co.uk\/fr\/wp-json\/wp\/v2\/media?parent=2881"}],"curies":[{"name":"wp","href":"https:\/\/api.w.org\/{rel}","templated":true}]}}