{"id":2863,"date":"2022-12-31T15:06:13","date_gmt":"2022-12-31T14:06:13","guid":{"rendered":"https:\/\/symevents.co.uk\/nous-contacter\/"},"modified":"2023-11-24T12:27:12","modified_gmt":"2023-11-24T11:27:12","slug":"nous-contacter","status":"publish","type":"page","link":"https:\/\/symevents.co.uk\/fr\/nous-contacter\/","title":{"rendered":"Nous contacter"},"content":{"rendered":"\t\t<div data-elementor-type=\"wp-page\" data-elementor-id=\"2863\" class=\"elementor elementor-2863\" data-elementor-settings=\"{&quot;ha_cmc_init_switcher&quot;:&quot;no&quot;}\" data-elementor-post-type=\"page\">\n\t\t\t\t\t\t<section class=\"elementor-section elementor-top-section elementor-element elementor-element-4c3fc383 elementor-section-boxed elementor-section-height-default elementor-section-height-default\" data-id=\"4c3fc383\" data-element_type=\"section\" data-e-type=\"section\" data-settings=\"{&quot;background_background&quot;:&quot;classic&quot;,&quot;_ha_eqh_enable&quot;:false}\">\n\t\t\t\t\t\t<div class=\"elementor-container elementor-column-gap-default\">\n\t\t\t\t\t<div class=\"elementor-column elementor-col-100 elementor-top-column elementor-element elementor-element-1eb1fb01\" data-id=\"1eb1fb01\" data-element_type=\"column\" data-e-type=\"column\">\n\t\t\t<div class=\"elementor-widget-wrap elementor-element-populated\">\n\t\t\t\t\t\t<section class=\"elementor-section elementor-inner-section elementor-element elementor-element-4d3e19be elementor-section-boxed elementor-section-height-default elementor-section-height-default\" data-id=\"4d3e19be\" data-element_type=\"section\" data-e-type=\"section\" data-settings=\"{&quot;background_background&quot;:&quot;classic&quot;,&quot;_ha_eqh_enable&quot;:false}\">\n\t\t\t\t\t\t<div class=\"elementor-container elementor-column-gap-default\">\n\t\t\t\t\t<div class=\"elementor-column elementor-col-33 elementor-inner-column elementor-element elementor-element-6acc80eb\" data-id=\"6acc80eb\" data-element_type=\"column\" data-e-type=\"column\">\n\t\t\t<div class=\"elementor-widget-wrap\">\n\t\t\t\t\t\t\t<\/div>\n\t\t<\/div>\n\t\t\t\t<div class=\"elementor-column elementor-col-33 elementor-inner-column elementor-element elementor-element-63bd1905\" data-id=\"63bd1905\" data-element_type=\"column\" data-e-type=\"column\">\n\t\t\t<div class=\"elementor-widget-wrap elementor-element-populated\">\n\t\t\t\t\t\t<div class=\"elementor-element elementor-element-2d05e732 elementor-widget elementor-widget-heading\" data-id=\"2d05e732\" data-element_type=\"widget\" data-e-type=\"widget\" data-widget_type=\"heading.default\">\n\t\t\t\t<div class=\"elementor-widget-container\">\n\t\t\t\t\t<h2 class=\"elementor-heading-title elementor-size-default\">Nous sommes l\u00e0 pour vous assister<\/h2>\t\t\t\t<\/div>\n\t\t\t\t<\/div>\n\t\t\t\t<div class=\"elementor-element elementor-element-6b84e6bb elementor-widget elementor-widget-text-editor\" data-id=\"6b84e6bb\" data-element_type=\"widget\" data-e-type=\"widget\" data-widget_type=\"text-editor.default\">\n\t\t\t\t<div class=\"elementor-widget-container\">\n\t\t\t\t\t\t\t\t\t<p>N&rsquo;h\u00e9sitez pas \u00e0 nous contacter ou r\u00e9pondez au formulaire. <br \/><span style=\"font-size: inherit; text-align: inherit; color: var( --e-global-color-9a53640 ); background-color: var(--palettecolor7); font-style: var(--fontStyle, inherit); font-weight: var(--fontWeight); letter-spacing: var(--letterSpacing); text-transform: var(--textTransform);\">Notre \u00e9quipe vous r\u00e9pondra tr\u00e8s bient\u00f4t !<\/span><\/p>\t\t\t\t\t\t\t\t<\/div>\n\t\t\t\t<\/div>\n\t\t\t\t\t<\/div>\n\t\t<\/div>\n\t\t\t\t<div class=\"elementor-column elementor-col-33 elementor-inner-column elementor-element elementor-element-56b588a4\" data-id=\"56b588a4\" data-element_type=\"column\" data-e-type=\"column\">\n\t\t\t<div class=\"elementor-widget-wrap\">\n\t\t\t\t\t\t\t<\/div>\n\t\t<\/div>\n\t\t\t\t\t<\/div>\n\t\t<\/section>\n\t\t\t\t<section class=\"elementor-section elementor-inner-section elementor-element elementor-element-547cd685 elementor-section-boxed elementor-section-height-default elementor-section-height-default\" data-id=\"547cd685\" data-element_type=\"section\" data-e-type=\"section\" data-settings=\"{&quot;_ha_eqh_enable&quot;:false}\">\n\t\t\t\t\t\t<div class=\"elementor-container elementor-column-gap-extended\">\n\t\t\t\t\t<div class=\"elementor-column elementor-col-50 elementor-inner-column elementor-element elementor-element-2d4bf3f\" data-id=\"2d4bf3f\" data-element_type=\"column\" data-e-type=\"column\">\n\t\t\t<div class=\"elementor-widget-wrap elementor-element-populated\">\n\t\t\t\t\t\t<div class=\"elementor-element elementor-element-713ac07 ha-infobox-media-dir-top elementor-widget elementor-widget-ha-infobox happy-addon ha-infobox\" data-id=\"713ac07\" data-element_type=\"widget\" data-e-type=\"widget\" data-widget_type=\"ha-infobox.default\">\n\t\t\t\t<div class=\"elementor-widget-container\">\n\t\t\t\t\t\n\t\t\t\t\t<figure class=\"ha-infobox-figure ha-infobox-figure--icon\">\n\t\t\t\t<i class=\"hm hm-envelop2\"><\/i>\t\t\t<\/figure>\n\t\t\n\t\t<div class=\"ha-infobox-body\">\n\t\t\t<h2 class=\"ha-infobox-title\">Adresse mail<\/h2>\n\t\t\t\t\t\t\t<div class=\"ha-infobox-text\">\n\t\t\t\t\t<p>contact@symevents.co.uk<br><\/p>\n\t\t\t\t<\/div>\n\t\t\t\n\t\t\t\t\t<\/div>\n\t\t\t\t\t\t<\/div>\n\t\t\t\t<\/div>\n\t\t\t\t\t<\/div>\n\t\t<\/div>\n\t\t\t\t<div class=\"elementor-column elementor-col-50 elementor-inner-column elementor-element elementor-element-4a1cfa46\" data-id=\"4a1cfa46\" data-element_type=\"column\" data-e-type=\"column\">\n\t\t\t<div class=\"elementor-widget-wrap elementor-element-populated\">\n\t\t\t\t\t\t<div class=\"elementor-element elementor-element-6db8885e ha-infobox-media-dir-top elementor-widget elementor-widget-ha-infobox happy-addon ha-infobox\" data-id=\"6db8885e\" data-element_type=\"widget\" data-e-type=\"widget\" data-widget_type=\"ha-infobox.default\">\n\t\t\t\t<div class=\"elementor-widget-container\">\n\t\t\t\t\t\n\t\t\t\t\t<figure class=\"ha-infobox-figure ha-infobox-figure--icon\">\n\t\t\t\t<i class=\"hm hm-chat-bubble\"><\/i>\t\t\t<\/figure>\n\t\t\n\t\t<div class=\"ha-infobox-body\">\n\t\t\t<h2 class=\"ha-infobox-title\">Parlons business<\/h2>\n\t\t\t\t\t\t\t<div class=\"ha-infobox-text\">\n\t\t\t\t\t<p>+44 7454 283 561 <\/p>\n\t\t\t\t<\/div>\n\t\t\t\n\t\t\t\t\t<\/div>\n\t\t\t\t\t\t<\/div>\n\t\t\t\t<\/div>\n\t\t\t\t\t<\/div>\n\t\t<\/div>\n\t\t\t\t\t<\/div>\n\t\t<\/section>\n\t\t\t\t<section class=\"elementor-section elementor-inner-section elementor-element elementor-element-6a85a87e elementor-section-height-min-height elementor-section-boxed elementor-section-height-default\" data-id=\"6a85a87e\" data-element_type=\"section\" data-e-type=\"section\" data-settings=\"{&quot;_ha_eqh_enable&quot;:false}\">\n\t\t\t\t\t\t<div class=\"elementor-container elementor-column-gap-extended\">\n\t\t\t\t\t<div class=\"elementor-column elementor-col-50 elementor-inner-column elementor-element elementor-element-6630726b\" data-id=\"6630726b\" data-element_type=\"column\" data-e-type=\"column\" data-settings=\"{&quot;background_background&quot;:&quot;classic&quot;}\">\n\t\t\t<div class=\"elementor-widget-wrap elementor-element-populated\">\n\t\t\t\t\t<div class=\"elementor-background-overlay\"><\/div>\n\t\t\t\t\t\t<div class=\"elementor-element elementor-element-07bc79f elementor-widget elementor-widget-heading\" data-id=\"07bc79f\" data-element_type=\"widget\" data-e-type=\"widget\" data-widget_type=\"heading.default\">\n\t\t\t\t<div class=\"elementor-widget-container\">\n\t\t\t\t\t<h2 class=\"elementor-heading-title elementor-size-default\">Vous voulez planifier un nouveau projet avec nous ?<\/h2>\t\t\t\t<\/div>\n\t\t\t\t<\/div>\n\t\t\t\t<div class=\"elementor-element elementor-element-e8fb042 elementor-widget elementor-widget-text-editor\" data-id=\"e8fb042\" data-element_type=\"widget\" data-e-type=\"widget\" data-widget_type=\"text-editor.default\">\n\t\t\t\t<div class=\"elementor-widget-container\">\n\t\t\t\t\t\t\t\t\t<p>Contactez-nous pour discuter des disponibilit\u00e9s et des tarifs de la prestation. Nous sommes impatients de travailler avec vous pour fa\u00e7onner vos souvenirs.<\/p>\n\t\t\t\t\t\t\t\t<\/div>\n\t\t\t\t<\/div>\n\t\t\t\t<div class=\"elementor-element elementor-element-4ce0b0f7 elementor-mobile-align-center elementor-widget elementor-widget-button\" data-id=\"4ce0b0f7\" data-element_type=\"widget\" data-e-type=\"widget\" data-widget_type=\"button.default\">\n\t\t\t\t<div class=\"elementor-widget-container\">\n\t\t\t\t\t\t\t\t\t<div class=\"elementor-button-wrapper\">\n\t\t\t\t\t<a class=\"elementor-button elementor-button-link elementor-size-sm\" href=\"#\" id=\"ask\">\n\t\t\t\t\t\t<span class=\"elementor-button-content-wrapper\">\n\t\t\t\t\t\t\t\t\t<span class=\"elementor-button-text\">Posez une question<\/span>\n\t\t\t\t\t<\/span>\n\t\t\t\t\t<\/a>\n\t\t\t\t<\/div>\n\t\t\t\t\t\t\t\t<\/div>\n\t\t\t\t<\/div>\n\t\t\t\t\t<\/div>\n\t\t<\/div>\n\t\t\t\t<div class=\"elementor-column elementor-col-50 elementor-inner-column elementor-element elementor-element-60f0d0f2\" data-id=\"60f0d0f2\" data-element_type=\"column\" data-e-type=\"column\" data-settings=\"{&quot;background_background&quot;:&quot;classic&quot;}\">\n\t\t\t<div class=\"elementor-widget-wrap elementor-element-populated\">\n\t\t\t\t\t\t<div class=\"elementor-element elementor-element-2121286d elementor-widget elementor-widget-heading\" data-id=\"2121286d\" data-element_type=\"widget\" data-e-type=\"widget\" data-widget_type=\"heading.default\">\n\t\t\t\t<div class=\"elementor-widget-container\">\n\t\t\t\t\t<h2 class=\"elementor-heading-title elementor-size-default\">N'h\u00e9sitez pas \u00e0 nous contacter<\/h2>\t\t\t\t<\/div>\n\t\t\t\t<\/div>\n\t\t\t\t<div class=\"elementor-element elementor-element-7b67e20 elementor-widget elementor-widget-shortcode\" data-id=\"7b67e20\" data-element_type=\"widget\" data-e-type=\"widget\" data-widget_type=\"shortcode.default\">\n\t\t\t\t<div class=\"elementor-widget-container\">\n\t\t\t\t\t\t\t<div class=\"elementor-shortcode\"><div class=\"tve_flt\" id=\"tve_editor\">\n\t\t\t<div class=\"tqb-shortcode-wrapper\" id=\"tqb-shortcode-wrapper-401-tqb-69e7830b23f55\" data-quiz-id=\"401\" data-unique=\"tqb-69e7830b23f55\" >\n\t\t\t\t<div class=\"tqb-loading-overlay tqb-template-overlay-style-4\">\n\t\t\t\t\t<div class=\"tqb-loading-bullets\"><\/div>\n\t\t\t\t<\/div>\n\t\t\t\t<div class=\"tqb-frontend-error-message\"><\/div>\n\t\t\t\t<div class=\"tqb-shortcode-old-content\"><\/div>\n\t\t\t\t<div class=\"tqb-shortcode-new-content tqb-template-style-4\"><\/div>\n\t\t\t<\/div><\/div><\/div>\n\t\t\t\t\t\t<\/div>\n\t\t\t\t<\/div>\n\t\t\t\t\t<\/div>\n\t\t<\/div>\n\t\t\t\t\t<\/div>\n\t\t<\/section>\n\t\t\t\t<div class=\"elementor-element elementor-element-abef72a elementor-widget elementor-widget-spacer\" data-id=\"abef72a\" data-element_type=\"widget\" data-e-type=\"widget\" data-widget_type=\"spacer.default\">\n\t\t\t\t<div class=\"elementor-widget-container\">\n\t\t\t\t\t\t\t<div class=\"elementor-spacer\">\n\t\t\t<div class=\"elementor-spacer-inner\"><\/div>\n\t\t<\/div>\n\t\t\t\t\t\t<\/div>\n\t\t\t\t<\/div>\n\t\t\t\t\t<\/div>\n\t\t<\/div>\n\t\t\t\t\t<\/div>\n\t\t<\/section>\n\t\t\t\t<\/div>\n\t\t","protected":false},"excerpt":{"rendered":"<p>Nous sommes l\u00e0 pour vous assister N&rsquo;h\u00e9sitez pas \u00e0 nous contacter ou r\u00e9pondez au formulaire. Notre \u00e9quipe vous r\u00e9pondra tr\u00e8s bient\u00f4t ! Adresse mail contact@symevents.co.uk Parlons business +44 7454 283 561 Vous voulez planifier un nouveau projet avec nous ? Contactez-nous pour discuter des disponibilit\u00e9s et des tarifs de la prestation. Nous sommes impatients de [&hellip;]<\/p>\n","protected":false},"author":2,"featured_media":0,"parent":0,"menu_order":0,"comment_status":"closed","ping_status":"closed","template":"elementor_header_footer","meta":{"footnotes":""},"class_list":["post-2863","page","type-page","status-publish","hentry"],"blocksy_meta":{"styles_descriptor":{"styles":{"desktop":"","tablet":"","mobile":""},"google_fonts":[],"version":6}},"yoast_head":"<!-- This site is optimized with the Yoast SEO plugin v27.4 - https:\/\/yoast.com\/product\/yoast-seo-wordpress\/ -->\n<title>Nous contacter - Sym events<\/title>\n<meta name=\"robots\" content=\"index, follow, max-snippet:-1, max-image-preview:large, max-video-preview:-1\" \/>\n<link rel=\"canonical\" href=\"https:\/\/symevents.co.uk\/contact-us\/\" \/>\n<meta property=\"og:locale\" content=\"fr_FR\" \/>\n<meta property=\"og:type\" content=\"article\" \/>\n<meta property=\"og:title\" content=\"Nous contacter - Sym events\" \/>\n<meta property=\"og:description\" content=\"Nous sommes l\u00e0 pour vous assister N&rsquo;h\u00e9sitez pas \u00e0 nous contacter ou r\u00e9pondez au formulaire. Notre \u00e9quipe vous r\u00e9pondra tr\u00e8s bient\u00f4t ! Adresse mail contact@symevents.co.uk Parlons business +44 7454 283 561 Vous voulez planifier un nouveau projet avec nous ? Contactez-nous pour discuter des disponibilit\u00e9s et des tarifs de la prestation. Nous sommes impatients de [&hellip;]\" \/>\n<meta property=\"og:url\" content=\"https:\/\/symevents.co.uk\/contact-us\/\" \/>\n<meta property=\"og:site_name\" content=\"Sym events\" \/>\n<meta property=\"article:modified_time\" content=\"2023-11-24T11:27:12+00:00\" \/>\n<meta name=\"twitter:card\" content=\"summary_large_image\" \/>\n<meta name=\"twitter:label1\" content=\"Dur\u00e9e de lecture estim\u00e9e\" \/>\n\t<meta name=\"twitter:data1\" content=\"1 minute\" \/>\n<script type=\"application\/ld+json\" class=\"yoast-schema-graph\">{\"@context\":\"https:\\\/\\\/schema.org\",\"@graph\":[{\"@type\":\"WebPage\",\"@id\":\"https:\\\/\\\/symevents.co.uk\\\/contact-us\\\/\",\"url\":\"https:\\\/\\\/symevents.co.uk\\\/contact-us\\\/\",\"name\":\"Nous contacter - Sym events\",\"isPartOf\":{\"@id\":\"https:\\\/\\\/symevents.co.uk\\\/#website\"},\"datePublished\":\"2022-12-31T14:06:13+00:00\",\"dateModified\":\"2023-11-24T11:27:12+00:00\",\"breadcrumb\":{\"@id\":\"https:\\\/\\\/symevents.co.uk\\\/contact-us\\\/#breadcrumb\"},\"inLanguage\":\"fr-FR\",\"potentialAction\":[{\"@type\":\"ReadAction\",\"target\":[\"https:\\\/\\\/symevents.co.uk\\\/contact-us\\\/\"]}]},{\"@type\":\"BreadcrumbList\",\"@id\":\"https:\\\/\\\/symevents.co.uk\\\/contact-us\\\/#breadcrumb\",\"itemListElement\":[{\"@type\":\"ListItem\",\"position\":1,\"name\":\"Home\",\"item\":\"https:\\\/\\\/symevents.co.uk\\\/\"},{\"@type\":\"ListItem\",\"position\":2,\"name\":\"Nous contacter\"}]},{\"@type\":\"WebSite\",\"@id\":\"https:\\\/\\\/symevents.co.uk\\\/#website\",\"url\":\"https:\\\/\\\/symevents.co.uk\\\/\",\"name\":\"Sym events\",\"description\":\"Shape your memories\",\"publisher\":{\"@id\":\"https:\\\/\\\/symevents.co.uk\\\/#organization\"},\"potentialAction\":[{\"@type\":\"SearchAction\",\"target\":{\"@type\":\"EntryPoint\",\"urlTemplate\":\"https:\\\/\\\/symevents.co.uk\\\/?s={search_term_string}\"},\"query-input\":{\"@type\":\"PropertyValueSpecification\",\"valueRequired\":true,\"valueName\":\"search_term_string\"}}],\"inLanguage\":\"fr-FR\"},{\"@type\":\"Organization\",\"@id\":\"https:\\\/\\\/symevents.co.uk\\\/#organization\",\"name\":\"Sym events\",\"url\":\"https:\\\/\\\/symevents.co.uk\\\/\",\"logo\":{\"@type\":\"ImageObject\",\"inLanguage\":\"fr-FR\",\"@id\":\"https:\\\/\\\/symevents.co.uk\\\/#\\\/schema\\\/logo\\\/image\\\/\",\"url\":\"https:\\\/\\\/symevents.co.uk\\\/wp-content\\\/uploads\\\/2022\\\/11\\\/Logo-sym-events-version-couleurblanc.png\",\"contentUrl\":\"https:\\\/\\\/symevents.co.uk\\\/wp-content\\\/uploads\\\/2022\\\/11\\\/Logo-sym-events-version-couleurblanc.png\",\"width\":1036,\"height\":596,\"caption\":\"Sym events\"},\"image\":{\"@id\":\"https:\\\/\\\/symevents.co.uk\\\/#\\\/schema\\\/logo\\\/image\\\/\"}}]}<\/script>\n<!-- \/ Yoast SEO plugin. -->","yoast_head_json":{"title":"Nous contacter - Sym events","robots":{"index":"index","follow":"follow","max-snippet":"max-snippet:-1","max-image-preview":"max-image-preview:large","max-video-preview":"max-video-preview:-1"},"canonical":"https:\/\/symevents.co.uk\/contact-us\/","og_locale":"fr_FR","og_type":"article","og_title":"Nous contacter - Sym events","og_description":"Nous sommes l\u00e0 pour vous assister N&rsquo;h\u00e9sitez pas \u00e0 nous contacter ou r\u00e9pondez au formulaire. Notre \u00e9quipe vous r\u00e9pondra tr\u00e8s bient\u00f4t ! Adresse mail contact@symevents.co.uk Parlons business +44 7454 283 561 Vous voulez planifier un nouveau projet avec nous ? Contactez-nous pour discuter des disponibilit\u00e9s et des tarifs de la prestation. Nous sommes impatients de [&hellip;]","og_url":"https:\/\/symevents.co.uk\/contact-us\/","og_site_name":"Sym events","article_modified_time":"2023-11-24T11:27:12+00:00","twitter_card":"summary_large_image","twitter_misc":{"Dur\u00e9e de lecture estim\u00e9e":"1 minute"},"schema":{"@context":"https:\/\/schema.org","@graph":[{"@type":"WebPage","@id":"https:\/\/symevents.co.uk\/contact-us\/","url":"https:\/\/symevents.co.uk\/contact-us\/","name":"Nous contacter - Sym events","isPartOf":{"@id":"https:\/\/symevents.co.uk\/#website"},"datePublished":"2022-12-31T14:06:13+00:00","dateModified":"2023-11-24T11:27:12+00:00","breadcrumb":{"@id":"https:\/\/symevents.co.uk\/contact-us\/#breadcrumb"},"inLanguage":"fr-FR","potentialAction":[{"@type":"ReadAction","target":["https:\/\/symevents.co.uk\/contact-us\/"]}]},{"@type":"BreadcrumbList","@id":"https:\/\/symevents.co.uk\/contact-us\/#breadcrumb","itemListElement":[{"@type":"ListItem","position":1,"name":"Home","item":"https:\/\/symevents.co.uk\/"},{"@type":"ListItem","position":2,"name":"Nous contacter"}]},{"@type":"WebSite","@id":"https:\/\/symevents.co.uk\/#website","url":"https:\/\/symevents.co.uk\/","name":"Sym events","description":"Shape your memories","publisher":{"@id":"https:\/\/symevents.co.uk\/#organization"},"potentialAction":[{"@type":"SearchAction","target":{"@type":"EntryPoint","urlTemplate":"https:\/\/symevents.co.uk\/?s={search_term_string}"},"query-input":{"@type":"PropertyValueSpecification","valueRequired":true,"valueName":"search_term_string"}}],"inLanguage":"fr-FR"},{"@type":"Organization","@id":"https:\/\/symevents.co.uk\/#organization","name":"Sym events","url":"https:\/\/symevents.co.uk\/","logo":{"@type":"ImageObject","inLanguage":"fr-FR","@id":"https:\/\/symevents.co.uk\/#\/schema\/logo\/image\/","url":"https:\/\/symevents.co.uk\/wp-content\/uploads\/2022\/11\/Logo-sym-events-version-couleurblanc.png","contentUrl":"https:\/\/symevents.co.uk\/wp-content\/uploads\/2022\/11\/Logo-sym-events-version-couleurblanc.png","width":1036,"height":596,"caption":"Sym events"},"image":{"@id":"https:\/\/symevents.co.uk\/#\/schema\/logo\/image\/"}}]}},"_links":{"self":[{"href":"https:\/\/symevents.co.uk\/fr\/wp-json\/wp\/v2\/pages\/2863","targetHints":{"allow":["GET"]}}],"collection":[{"href":"https:\/\/symevents.co.uk\/fr\/wp-json\/wp\/v2\/pages"}],"about":[{"href":"https:\/\/symevents.co.uk\/fr\/wp-json\/wp\/v2\/types\/page"}],"author":[{"embeddable":true,"href":"https:\/\/symevents.co.uk\/fr\/wp-json\/wp\/v2\/users\/2"}],"replies":[{"embeddable":true,"href":"https:\/\/symevents.co.uk\/fr\/wp-json\/wp\/v2\/comments?post=2863"}],"version-history":[{"count":17,"href":"https:\/\/symevents.co.uk\/fr\/wp-json\/wp\/v2\/pages\/2863\/revisions"}],"predecessor-version":[{"id":6295,"href":"https:\/\/symevents.co.uk\/fr\/wp-json\/wp\/v2\/pages\/2863\/revisions\/6295"}],"wp:attachment":[{"href":"https:\/\/symevents.co.uk\/fr\/wp-json\/wp\/v2\/media?parent=2863"}],"curies":[{"name":"wp","href":"https:\/\/api.w.org\/{rel}","templated":true}]}}